{"id":9095,"date":"2020-01-13T06:50:18","date_gmt":"2020-01-13T06:50:18","guid":{"rendered":"https:\/\/wpbingosite.com\/wordpress\/funori\/?page_id=9095"},"modified":"2025-05-15T18:37:40","modified_gmt":"2025-05-15T18:37:40","slug":"about-us","status":"publish","type":"page","link":"https:\/\/kotarja.al\/sq\/about-us\/","title":{"rendered":"Rreth Nesh"},"content":{"rendered":"<div data-elementor-type=\"wp-page\" data-elementor-id=\"9095\" class=\"elementor elementor-9095\">\n\t\t\t\t\t\t<section class=\"elementor-section elementor-top-section elementor-element elementor-element-fc5de9b elementor-section-boxed elementor-section-height-default elementor-section-height-default wpr-particle-no wpr-jarallax-no wpr-parallax-no wpr-sticky-section-no\" data-id=\"fc5de9b\" data-element_type=\"section\">\n\t\t\t\t\t\t<div class=\"elementor-container elementor-column-gap-default\">\n\t\t\t\t\t<div class=\"elementor-column elementor-col-100 elementor-top-column elementor-element elementor-element-3f4b71e\" data-id=\"3f4b71e\" data-element_type=\"column\">\n\t\t\t<div class=\"elementor-widget-wrap elementor-element-populated\">\n\t\t\t\t\t\t<div class=\"elementor-element elementor-element-beccfd7 elementor-view-default elementor-widget elementor-widget-icon\" data-id=\"beccfd7\" data-element_type=\"widget\" data-widget_type=\"icon.default\">\n\t\t\t\t<div class=\"elementor-widget-container\">\n\t\t\t\t\t\t\t<div class=\"elementor-icon-wrapper\">\n\t\t\t<div class=\"elementor-icon elementor-animation-wobble-horizontal\">\n\t\t\t<svg xmlns=\"http:\/\/www.w3.org\/2000\/svg\" xmlns:xlink=\"http:\/\/www.w3.org\/1999\/xlink\" xmlns:svgjs=\"http:\/\/svgjs.com\/svgjs\" width=\"512\" height=\"512\" x=\"0\" y=\"0\" viewbox=\"0 0 512 512\" style=\"enable-background:new 0 0 512 512\" xml:space=\"preserve\"><g><path xmlns=\"http:\/\/www.w3.org\/2000\/svg\" d=\"m218.417 209.314a52.855 52.855 0 0 0 -13.765 14.306 6 6 0 1 0 10.051 6.557 40.9 40.9 0 0 1 10.653-11.077 6 6 0 0 0 -6.939-9.79z\" fill=\"\" data-original=\"\" style=\"\"><\/path><path xmlns=\"http:\/\/www.w3.org\/2000\/svg\" d=\"m109.75 466.605h-43.98v-274.861c0-.1.014-.192.014-.29 0-47.453 36.608-86.059 81.605-86.059 43.257 0 78.743 35.686 81.422 80.605a52.944 52.944 0 0 0 -46.694 52.5v9.375a6 6 0 0 0 6 6h26.7c2.652 9.6 11.228 16.691 21.272 16.691s18.619-7.087 21.27-16.691h24.509a6 6 0 0 0 6-6v-9.375a52.946 52.946 0 0 0 -47.025-52.544c-2.731-51.523-43.6-92.563-93.453-92.563-51.442 0-93.32 43.7-93.6 97.521-.01.139-.021.278-.021.419v275.27h-37.769a6 6 0 0 0 0 12h93.75a6 6 0 0 0 0-12zm126.338-208.037a9.941 9.941 0 0 1 -8.283-4.691h16.565a9.941 9.941 0 0 1 -8.282 4.691zm39.779-20.068v3.375h-81.75v-3.375a40.875 40.875 0 0 1 81.75 0z\" fill=\"\" data-original=\"\" style=\"\"><\/path><path xmlns=\"http:\/\/www.w3.org\/2000\/svg\" d=\"m473.663 373.9v-39.7a25.286 25.286 0 0 0 -25.451-25.06h-109.794a25.216 25.216 0 0 0 -18 7.428c-.494.5-.959 1.014-1.406 1.544a25.564 25.564 0 0 0 -19.494-8.972h-110.418a25.287 25.287 0 0 0 -25.452 25.06v39.814a29.012 29.012 0 0 0 -26.454 28.657v69.937a6 6 0 0 0 6 6h46.519a6 6 0 0 0 6-6v-7.993l247.769.076v7.917a6 6 0 0 0 6 6h46.518a6 6 0 0 0 6-6v-69.94a29.039 29.039 0 0 0 -28.337-28.768zm-144.745-48.866a13.3 13.3 0 0 1 9.5-3.9h109.794a13.275 13.275 0 0 1 13.451 13.06v41.829a28.838 28.838 0 0 0 -18.181 26.642v2.35l-118.482-.03.015-70.187a13.616 13.616 0 0 1 3.903-9.764zm-139.818-3.9h110.416a13.275 13.275 0 0 1 13.451 13.066l.027 70.782-117.281-.032v-2.281a28.884 28.884 0 0 0 -20.065-27.327v-41.142a13.276 13.276 0 0 1 13.452-13.063zm-5.387 145.468h-34.519v-63.934a17.266 17.266 0 0 1 34.519 0zm12-13.993v-35.66l123.278.034h.009l124.481.035v35.67zm294.287 13.996h-34.518v-63.937a17.265 17.265 0 0 1 34.518 0z\" fill=\"\" data-original=\"\" style=\"\"><\/path><\/g><\/svg>\t\t\t<\/div>\n\t\t<\/div>\n\t\t\t\t\t\t<\/div>\n\t\t\t\t<\/div>\n\t\t\t\t<div class=\"elementor-element elementor-element-ad03f66 elementor-widget elementor-widget-heading\" data-id=\"ad03f66\" data-element_type=\"widget\" data-widget_type=\"heading.default\">\n\t\t\t\t<div class=\"elementor-widget-container\">\n\t\t\t\t\t<h2 class=\"elementor-heading-title elementor-size-default\">Kotarja Furniture, Mobileri Tirane<\/h2>\t\t\t\t<\/div>\n\t\t\t\t<\/div>\n\t\t\t\t<div class=\"elementor-element elementor-element-795795c elementor-widget elementor-widget-text-editor\" data-id=\"795795c\" data-element_type=\"widget\" data-widget_type=\"text-editor.default\">\n\t\t\t\t<div class=\"elementor-widget-container\">\n\t\t\t\t\t\t\t\t\t<p>\u00a0M\u00ebsoni rreth Kotarja Furniture, burimi juaj i besuar p\u00ebr mobilje t\u00eb punuar me dor\u00eb, me cil\u00ebsi t\u00eb lart\u00eb n\u00eb Tiran\u00eb, Shqip\u00ebri. Zbuloni historin\u00eb dhe angazhimin ton\u00eb ndaj mjesht\u00ebris\u00eb.<\/p>\t\t\t\t\t\t\t\t<\/div>\n\t\t\t\t<\/div>\n\t\t\t\t\t<\/div>\n\t\t<\/div>\n\t\t\t\t\t<\/div>\n\t\t<\/section>\n\t\t\t\t<section class=\"elementor-section elementor-top-section elementor-element elementor-element-eb0b54c elementor-section-boxed elementor-section-height-default elementor-section-height-default wpr-particle-no wpr-jarallax-no wpr-parallax-no wpr-sticky-section-no\" data-id=\"eb0b54c\" data-element_type=\"section\">\n\t\t\t\t\t\t<div class=\"elementor-container elementor-column-gap-default\">\n\t\t\t\t\t<div class=\"elementor-column elementor-col-100 elementor-top-column elementor-element elementor-element-0bf5a3c\" data-id=\"0bf5a3c\" data-element_type=\"column\">\n\t\t\t<div class=\"elementor-widget-wrap elementor-element-populated\">\n\t\t\t\t\t\t<div class=\"elementor-element elementor-element-cc5a8ab elementor-widget elementor-widget-bwp_image\" data-id=\"cc5a8ab\" data-element_type=\"widget\" data-widget_type=\"bwp_image.default\">\n\t\t\t\t<div class=\"elementor-widget-container\">\n\t\t\t\t\t<div class=\"bwp-widget-banner default\">\r\n\t\t\r\n\t<div class=\"bg-banner\">\t\t\r\n\t\t<div class=\"banner-wrapper banners\">\r\n\t\t\t<div class=\"bwp-image\">\r\n\t\t\t\t\t\t\t\t\t<a href=\"#\"><img decoding=\"async\" src=\"https:\/\/kotarja.al\/wp-content\/uploads\/2025\/05\/Kotarja-Furniture-Tirana-Albania.jpg\" alt=\"Banner Image\"><\/a>\r\n\t\t\t\t\t\t\t<\/div>\r\n\t\t\t<div class=\"banner-wrapper-infor\">\r\n\t\t\t\t<div class=\"info\">\r\n\t\t\t\t\t\t\t\t\t\t\t\t\t\t\t\t\t\t\t\t\t\t\t\t<\/div>\r\n\t\t\t<\/div>\r\n\t\t<\/div>\r\n\t<\/div>\r\n\t<\/div>\r\n\t\t\t\t<\/div>\n\t\t\t\t<\/div>\n\t\t\t\t\t<\/div>\n\t\t<\/div>\n\t\t\t\t\t<\/div>\n\t\t<\/section>\n\t\t\t\t<section class=\"elementor-section elementor-top-section elementor-element elementor-element-cf5a08c elementor-section-boxed elementor-section-height-default elementor-section-height-default wpr-particle-no wpr-jarallax-no wpr-parallax-no wpr-sticky-section-no\" data-id=\"cf5a08c\" data-element_type=\"section\">\n\t\t\t\t\t\t<div class=\"elementor-container elementor-column-gap-default\">\n\t\t\t\t\t<div class=\"elementor-column elementor-col-50 elementor-top-column elementor-element elementor-element-137ee22\" data-id=\"137ee22\" data-element_type=\"column\">\n\t\t\t<div class=\"elementor-widget-wrap elementor-element-populated\">\n\t\t\t\t\t\t<div class=\"elementor-element elementor-element-8717be5 elementor-widget elementor-widget-image\" data-id=\"8717be5\" data-element_type=\"widget\" data-widget_type=\"image.default\">\n\t\t\t\t<div class=\"elementor-widget-container\">\n\t\t\t\t\t\t\t\t\t\t\t\t\t\t\t<img fetchpriority=\"high\" decoding=\"async\" width=\"656\" height=\"437\" src=\"https:\/\/kotarja.al\/wp-content\/uploads\/2022\/04\/banner-34.jpg\" class=\"elementor-animation-wobble-horizontal attachment-large size-large wp-image-33535\" alt=\"\" \/>\t\t\t\t\t\t\t\t\t\t\t\t\t\t\t<\/div>\n\t\t\t\t<\/div>\n\t\t\t\t\t<\/div>\n\t\t<\/div>\n\t\t\t\t<div class=\"elementor-column elementor-col-50 elementor-top-column elementor-element elementor-element-e6c6e4b\" data-id=\"e6c6e4b\" data-element_type=\"column\">\n\t\t\t<div class=\"elementor-widget-wrap elementor-element-populated\">\n\t\t\t\t\t\t<div class=\"elementor-element elementor-element-e906ba8 elementor-widget elementor-widget-text-editor\" data-id=\"e906ba8\" data-element_type=\"widget\" data-widget_type=\"text-editor.default\">\n\t\t\t\t<div class=\"elementor-widget-container\">\n\t\t\t\t\t\t\t\t\t<p><strong>TRADITA TAKON DIZAJNIN MODERN NE CDO PJES\u00cb<\/strong><\/p>\t\t\t\t\t\t\t\t<\/div>\n\t\t\t\t<\/div>\n\t\t\t\t<div class=\"elementor-element elementor-element-8e8a5ab elementor-widget elementor-widget-heading\" data-id=\"8e8a5ab\" data-element_type=\"widget\" data-widget_type=\"heading.default\">\n\t\t\t\t<div class=\"elementor-widget-container\">\n\t\t\t\t\t<h2 class=\"elementor-heading-title elementor-size-default\">Punimi i mobiljeve me pasion dhe sakt\u00ebsi<\/h2>\t\t\t\t<\/div>\n\t\t\t\t<\/div>\n\t\t\t\t<div class=\"elementor-element elementor-element-c689aee elementor-widget-divider--view-line elementor-widget elementor-widget-divider\" data-id=\"c689aee\" data-element_type=\"widget\" data-widget_type=\"divider.default\">\n\t\t\t\t<div class=\"elementor-widget-container\">\n\t\t\t\t\t\t\t<div class=\"elementor-divider\">\n\t\t\t<span class=\"elementor-divider-separator\">\n\t\t\t\t\t\t<\/span>\n\t\t<\/div>\n\t\t\t\t\t\t<\/div>\n\t\t\t\t<\/div>\n\t\t\t\t<div class=\"elementor-element elementor-element-6b71b47 elementor-widget elementor-widget-text-editor\" data-id=\"6b71b47\" data-element_type=\"widget\" data-widget_type=\"text-editor.default\">\n\t\t\t\t<div class=\"elementor-widget-container\">\n\t\t\t\t\t\t\t\t\t<p>Kotarja Furniture u themelua me nj\u00eb mision t\u00eb thjesht\u00eb: t\u00eb krijoj\u00eb mobilje q\u00eb i q\u00ebndrojn\u00eb koh\u00ebs. Me baz\u00eb n\u00eb Tiran\u00eb, Shqip\u00ebri, ne krenohemi p\u00ebr p\u00ebrzierjen e teknikave tradicionale t\u00eb p\u00ebrpunimit t\u00eb drurit me dizajnin bashk\u00ebkohor p\u00ebr t\u00eb prodhuar pjes\u00eb q\u00eb jan\u00eb funksionale dhe t\u00eb bukura.<\/p><p>Ekipi yn\u00eb i marangoz\u00ebve t\u00eb aft\u00eb \u00ebsht\u00eb i p\u00ebrkushtuar p\u00ebr t\u00eb ofruar cil\u00ebsi t\u00eb jasht\u00ebzakonshme dhe v\u00ebmendje ndaj detajeve n\u00eb \u00e7do pjes\u00eb q\u00eb krijojm\u00eb. Nga mobiljet me porosi deri te koleksionet tona t\u00eb kuruara, ne p\u00ebrpiqemi t\u00eb realizojm\u00eb vizionin tuaj.<\/p><p>N\u00eb Kotarja Furniture, ne jemi m\u00eb shum\u00eb se thjesht nj\u00eb prodhues mobiljesh - ne jemi pjes\u00eb e sht\u00ebpis\u00eb tuaj. Na vizitoni n\u00eb Tiran\u00eb p\u00ebr t\u00eb par\u00eb pse mjesht\u00ebria jon\u00eb na ka b\u00ebr\u00eb nj\u00eb em\u00ebr t\u00eb besuar n\u00eb dizajnin shqiptar t\u00eb mobiljeve.<\/p>\t\t\t\t\t\t\t\t<\/div>\n\t\t\t\t<\/div>\n\t\t\t\t\t<\/div>\n\t\t<\/div>\n\t\t\t\t\t<\/div>\n\t\t<\/section>\n\t\t\t\t<section class=\"elementor-section elementor-top-section elementor-element elementor-element-523910d elementor-section-boxed elementor-section-height-default elementor-section-height-default wpr-particle-no wpr-jarallax-no wpr-parallax-no wpr-sticky-section-no\" data-id=\"523910d\" data-element_type=\"section\">\n\t\t\t\t\t\t<div class=\"elementor-container elementor-column-gap-default\">\n\t\t\t\t\t<div class=\"elementor-column elementor-col-50 elementor-top-column elementor-element elementor-element-2cc9c69 order-wpb-xs-2\" data-id=\"2cc9c69\" data-element_type=\"column\">\n\t\t\t<div class=\"elementor-widget-wrap elementor-element-populated\">\n\t\t\t\t\t\t<div class=\"elementor-element elementor-element-f70afb9 elementor-widget elementor-widget-text-editor\" data-id=\"f70afb9\" data-element_type=\"widget\" data-widget_type=\"text-editor.default\">\n\t\t\t\t<div class=\"elementor-widget-container\">\n\t\t\t\t\t\t\t\t\t<p><strong>T\u00cb ND\u00cbRTUARA P\u00cbR T\u00cb REZISTUAR, T\u00cb DIZAJUARA P\u00cbR T\u00cb FRYM\u00cbZUAR<\/strong><\/p>\t\t\t\t\t\t\t\t<\/div>\n\t\t\t\t<\/div>\n\t\t\t\t<div class=\"elementor-element elementor-element-6857096 elementor-widget elementor-widget-heading\" data-id=\"6857096\" data-element_type=\"widget\" data-widget_type=\"heading.default\">\n\t\t\t\t<div class=\"elementor-widget-container\">\n\t\t\t\t\t<h2 class=\"elementor-heading-title elementor-size-default\">Mjesht\u00ebria jon\u00eb: Aty ku tradita takohet me inovacionin<\/h2>\t\t\t\t<\/div>\n\t\t\t\t<\/div>\n\t\t\t\t<div class=\"elementor-element elementor-element-3cf0a74 elementor-widget-divider--view-line elementor-widget elementor-widget-divider\" data-id=\"3cf0a74\" data-element_type=\"widget\" data-widget_type=\"divider.default\">\n\t\t\t\t<div class=\"elementor-widget-container\">\n\t\t\t\t\t\t\t<div class=\"elementor-divider\">\n\t\t\t<span class=\"elementor-divider-separator\">\n\t\t\t\t\t\t<\/span>\n\t\t<\/div>\n\t\t\t\t\t\t<\/div>\n\t\t\t\t<\/div>\n\t\t\t\t<div class=\"elementor-element elementor-element-5316cc0 elementor-widget elementor-widget-text-editor\" data-id=\"5316cc0\" data-element_type=\"widget\" data-widget_type=\"text-editor.default\">\n\t\t\t\t<div class=\"elementor-widget-container\">\n\t\t\t\t\t\t\t\t\t<p>Ajo q\u00eb e ve\u00e7on Kotarja Furniture \u00ebsht\u00eb p\u00ebrkushtimi yn\u00eb i pal\u00ebkundur ndaj cil\u00ebsis\u00eb dhe autenticitetit. Ne marrim vet\u00ebm materialet m\u00eb t\u00eb mira, duke p\u00ebrfshir\u00eb dru t\u00eb korrur n\u00eb m\u00ebnyr\u00eb t\u00eb q\u00ebndrueshme dhe p\u00eblhura premium, p\u00ebr t\u00eb krijuar mobilje sa t\u00eb q\u00ebndrueshme aq edhe t\u00eb bukura.<\/p><p>Procesi yn\u00eb fillon me nj\u00eb kuptim t\u00eb thell\u00eb t\u00eb nevojave t\u00eb klient\u00ebve tan\u00eb. Pavar\u00ebsisht n\u00ebse \u00ebsht\u00eb nj\u00eb tavolin\u00eb ngr\u00ebnieje e personalizuar p\u00ebr nj\u00eb sht\u00ebpi familjare ose nj\u00eb tavolin\u00eb elegante zyre p\u00ebr nj\u00eb hap\u00ebsir\u00eb \u200b\u200bmoderne pune, ne punojm\u00eb ngusht\u00eb me ju p\u00ebr t\u00eb sjell\u00eb n\u00eb jet\u00eb vizionin tuaj. Artizan\u00ebt tan\u00eb kombinojn\u00eb teknikat tradicionale me mjete novatore p\u00ebr t\u00eb krijuar pjes\u00eb q\u00eb jan\u00eb funksionale dhe estetike t\u00eb k\u00ebndshme.<\/p>\t\t\t\t\t\t\t\t<\/div>\n\t\t\t\t<\/div>\n\t\t\t\t\t<\/div>\n\t\t<\/div>\n\t\t\t\t<div class=\"elementor-column elementor-col-50 elementor-top-column elementor-element elementor-element-7d9559c order-wpb-xs-1\" data-id=\"7d9559c\" data-element_type=\"column\">\n\t\t\t<div class=\"elementor-widget-wrap elementor-element-populated\">\n\t\t\t\t\t\t<div class=\"elementor-element elementor-element-b391853 elementor-widget elementor-widget-image\" data-id=\"b391853\" data-element_type=\"widget\" data-widget_type=\"image.default\">\n\t\t\t\t<div class=\"elementor-widget-container\">\n\t\t\t\t\t\t\t\t\t\t\t\t\t\t\t<img decoding=\"async\" width=\"656\" height=\"437\" src=\"https:\/\/kotarja.al\/wp-content\/uploads\/2025\/05\/Kotarja-furniture-about-us.jpg\" class=\"elementor-animation-wobble-horizontal attachment-large size-large wp-image-34182\" alt=\"\" \/>\t\t\t\t\t\t\t\t\t\t\t\t\t\t\t<\/div>\n\t\t\t\t<\/div>\n\t\t\t\t\t<\/div>\n\t\t<\/div>\n\t\t\t\t\t<\/div>\n\t\t<\/section>\n\t\t\t\t<section class=\"elementor-section elementor-top-section elementor-element elementor-element-17bf8c2 elementor-section-full_width elementor-section-height-default elementor-section-height-default wpr-particle-no wpr-jarallax-no wpr-parallax-no wpr-sticky-section-no\" data-id=\"17bf8c2\" data-element_type=\"section\">\n\t\t\t\t\t\t<div class=\"elementor-container elementor-column-gap-default\">\n\t\t\t\t\t<div class=\"elementor-column elementor-col-100 elementor-top-column elementor-element elementor-element-e8d2038\" data-id=\"e8d2038\" data-element_type=\"column\">\n\t\t\t<div class=\"elementor-widget-wrap elementor-element-populated\">\n\t\t\t\t\t\t<div class=\"elementor-element elementor-element-863ca8b elementor-widget-divider--view-line elementor-widget elementor-widget-divider\" data-id=\"863ca8b\" data-element_type=\"widget\" data-widget_type=\"divider.default\">\n\t\t\t\t<div class=\"elementor-widget-container\">\n\t\t\t\t\t\t\t<div class=\"elementor-divider\">\n\t\t\t<span class=\"elementor-divider-separator\">\n\t\t\t\t\t\t<\/span>\n\t\t<\/div>\n\t\t\t\t\t\t<\/div>\n\t\t\t\t<\/div>\n\t\t\t\t\t<\/div>\n\t\t<\/div>\n\t\t\t\t\t<\/div>\n\t\t<\/section>\n\t\t\t\t<section class=\"elementor-section elementor-top-section elementor-element elementor-element-7bfbca4 elementor-section-boxed elementor-section-height-default elementor-section-height-default wpr-particle-no wpr-jarallax-no wpr-parallax-no wpr-sticky-section-no\" data-id=\"7bfbca4\" data-element_type=\"section\">\n\t\t\t\t\t\t<div class=\"elementor-container elementor-column-gap-default\">\n\t\t\t\t\t<div class=\"elementor-column elementor-col-100 elementor-top-column elementor-element elementor-element-50ad3d5\" data-id=\"50ad3d5\" data-element_type=\"column\">\n\t\t\t<div class=\"elementor-widget-wrap elementor-element-populated\">\n\t\t\t\t\t\t<div class=\"elementor-element elementor-element-51906c2 elementor-widget elementor-widget-text-editor\" data-id=\"51906c2\" data-element_type=\"widget\" data-widget_type=\"text-editor.default\">\n\t\t\t\t<div class=\"elementor-widget-container\">\n\t\t\t\t\t\t\t\t\t<p>NE DIZENJOJME MOBILJE<\/p>\t\t\t\t\t\t\t\t<\/div>\n\t\t\t\t<\/div>\n\t\t\t\t<div class=\"elementor-element elementor-element-db61109 elementor-widget elementor-widget-heading\" data-id=\"db61109\" data-element_type=\"widget\" data-widget_type=\"heading.default\">\n\t\t\t\t<div class=\"elementor-widget-container\">\n\t\t\t\t\t<h2 class=\"elementor-heading-title elementor-size-default\">Vizitoni Showroom-in Tone<\/h2>\t\t\t\t<\/div>\n\t\t\t\t<\/div>\n\t\t\t\t<div class=\"elementor-element elementor-element-39d2bdc elementor-widget-divider--view-line elementor-widget elementor-widget-divider\" data-id=\"39d2bdc\" data-element_type=\"widget\" data-widget_type=\"divider.default\">\n\t\t\t\t<div class=\"elementor-widget-container\">\n\t\t\t\t\t\t\t<div class=\"elementor-divider\">\n\t\t\t<span class=\"elementor-divider-separator\">\n\t\t\t\t\t\t<\/span>\n\t\t<\/div>\n\t\t\t\t\t\t<\/div>\n\t\t\t\t<\/div>\n\t\t\t\t\t<\/div>\n\t\t<\/div>\n\t\t\t\t\t<\/div>\n\t\t<\/section>\n\t\t\t\t<section class=\"elementor-section elementor-top-section elementor-element elementor-element-2a3a082 elementor-section-boxed elementor-section-height-default elementor-section-height-default wpr-particle-no wpr-jarallax-no wpr-parallax-no wpr-sticky-section-no\" data-id=\"2a3a082\" data-element_type=\"section\">\n\t\t\t\t\t\t<div class=\"elementor-container elementor-column-gap-default\">\n\t\t\t\t\t<div class=\"elementor-column elementor-col-100 elementor-top-column elementor-element elementor-element-e0be13e wpb-col-sm-100 m-b-15\" data-id=\"e0be13e\" data-element_type=\"column\">\n\t\t\t<div class=\"elementor-widget-wrap elementor-element-populated\">\n\t\t\t\t\t\t<div class=\"elementor-element elementor-element-db62fcb elementor-widget elementor-widget-bwp_google_maps\" data-id=\"db62fcb\" data-element_type=\"widget\" data-widget_type=\"bwp_google_maps.default\">\n\t\t\t\t<div class=\"elementor-widget-container\">\n\t\t\t\t\t<div class=\"elementor-custom-embed\"><iframe src=\"https:\/\/maps.google.com\/maps?q=Rruga%20Gjoric&amp;t=m&amp;z=10&amp;output=embed&amp;iwloc=near\" aria-label=\"Rruga Gjoric\"><\/iframe><\/div>\t\t\t\t<\/div>\n\t\t\t\t<\/div>\n\t\t\t\t<section class=\"elementor-section elementor-inner-section elementor-element elementor-element-8108883 box-map-contact elementor-section-boxed elementor-section-height-default elementor-section-height-default wpr-particle-no wpr-jarallax-no wpr-parallax-no wpr-sticky-section-no\" data-id=\"8108883\" data-element_type=\"section\" data-settings=\"{&quot;background_background&quot;:&quot;classic&quot;}\">\n\t\t\t\t\t\t<div class=\"elementor-container elementor-column-gap-default\">\n\t\t\t\t\t<div class=\"elementor-column elementor-col-100 elementor-inner-column elementor-element elementor-element-79276d7\" data-id=\"79276d7\" data-element_type=\"column\">\n\t\t\t<div class=\"elementor-widget-wrap elementor-element-populated\">\n\t\t\t\t\t\t<div class=\"elementor-element elementor-element-717ccd1 elementor-view-default elementor-widget elementor-widget-icon\" data-id=\"717ccd1\" data-element_type=\"widget\" data-widget_type=\"icon.default\">\n\t\t\t\t<div class=\"elementor-widget-container\">\n\t\t\t\t\t\t\t<div class=\"elementor-icon-wrapper\">\n\t\t\t<div class=\"elementor-icon\">\n\t\t\t<svg xmlns=\"http:\/\/www.w3.org\/2000\/svg\" id=\"Capa_1\" height=\"512\" viewbox=\"0 0 512 512\" width=\"512\"><g><circle cx=\"256\" cy=\"196\" r=\"10\"><\/circle><path d=\"m181 296h150c5.522 0 10-4.477 10-10v-93.972l13.493 11.566c4.21 3.609 10.521 3.09 14.1-1.086 3.594-4.193 3.108-10.506-1.086-14.101l-104.999-89.999c-3.744-3.21-9.271-3.21-13.016 0l-104.999 89.999c-4.194 3.594-4.68 9.907-1.086 14.101 3.593 4.194 9.907 4.679 14.1 1.086l13.493-11.566v93.972c0 5.523 4.478 10 10 10zm10-121.115 65-55.714 65 55.714v101.115h-55v-40c0-5.523-4.478-10-10-10s-10 4.477-10 10v40h-55z\"><\/path><path d=\"m248.814 508.954c1.884 1.947 4.477 3.046 7.186 3.046s5.302-1.099 7.186-3.046c63.824-65.879 182.814-214.083 182.814-312.954 0-34.896-9.487-69.49-27.438-100.042-2.799-4.762-8.926-6.354-13.688-3.557-4.762 2.798-6.354 8.926-3.557 13.688 16.148 27.484 24.683 58.575 24.683 89.911 0 101.169-136.787 255.428-170 291.384-33.213-35.956-170-190.215-170-291.384 0-95.402 77.851-176 170-176 30.377 0 60.33 8.741 86.62 25.279 4.673 2.941 10.849 1.535 13.789-3.14s1.534-10.849-3.141-13.789c-29.483-18.547-63.118-28.35-97.268-28.35-106.552 0-190 92.76-190 196 0 98.768 118.792 246.87 182.814 312.954z\"><\/path><circle cx=\"383\" cy=\"65\" r=\"10\"><\/circle><\/g><\/svg>\t\t\t<\/div>\n\t\t<\/div>\n\t\t\t\t\t\t<\/div>\n\t\t\t\t<\/div>\n\t\t\t\t<div class=\"elementor-element elementor-element-a7ce25d elementor-widget elementor-widget-heading\" data-id=\"a7ce25d\" data-element_type=\"widget\" data-widget_type=\"heading.default\">\n\t\t\t\t<div class=\"elementor-widget-container\">\n\t\t\t\t\t<h2 class=\"elementor-heading-title elementor-size-default\">Kamez, <br>Tirane<\/h2>\t\t\t\t<\/div>\n\t\t\t\t<\/div>\n\t\t\t\t<div class=\"elementor-element elementor-element-058e213 elementor-widget elementor-widget-text-editor\" data-id=\"058e213\" data-element_type=\"widget\" data-widget_type=\"text-editor.default\">\n\t\t\t\t<div class=\"elementor-widget-container\">\n\t\t\t\t\t\t\t\t\t<p>Rruga Gjoric, Bathore, Albania<\/p>\t\t\t\t\t\t\t\t<\/div>\n\t\t\t\t<\/div>\n\t\t\t\t\t<\/div>\n\t\t<\/div>\n\t\t\t\t\t<\/div>\n\t\t<\/section>\n\t\t\t\t\t<\/div>\n\t\t<\/div>\n\t\t\t\t\t<\/div>\n\t\t<\/section>\n\t\t\t\t<\/div>","protected":false},"excerpt":{"rendered":"<p>Handcrafted Excellence in Tirana, Albania \u00a0Learn about Kotarja Furniture, your trusted source for handcrafted, high-quality furniture in Tirana, Albania. Discover our story and commitment to craftsmanship. TRADITION MEETS MODERN DESIGN IN EVERY PIECE Crafting Furniture with Passion and Precision otarja Furniture was founded with a simple mission: to create furniture that stands the test of time. Based in Tirana, Albania, we take pride in blending traditional woodworking techniques with contemporary design to produce pieces that are both functional and beautiful. Our team of skilled artisans is dedicated to delivering exceptional quality and attention to detail in every piece we create. From custom orders to our curated collections, we strive to bring your vision to life. At Kotarja Furniture, we\u2019re more than just a furniture maker \u2013 we\u2019re a part of your home. Visit us in Tirana to see why our craftsmanship has made us a trusted name in Albanian furniture design. BUILT TO LAST, DESIGNED TO INSPIRE Our Craftsmanship: Where Tradition Meets Innovation What sets Kotarja Furniture apart is our unwavering commitment to quality and authenticity. We source only the finest materials, including sustainably harvested wood and premium fabrics, to create furniture that is as durable as it is beautiful. Our process begins with a deep understanding of our clients\u2019 needs. Whether it\u2019s a custom dining table for a family home or a sleek office desk for a modern workspace, we work closely with you to bring your vision to life. Our artisans combine traditional techniques with innovative tools to craft pieces that are both functional and aesthetically pleasing. WE DESIGN FURNITURE Visit Our Store Kamez, Tirane Rruga Gjoric, Bathore, Albania<\/p>","protected":false},"author":1,"featured_media":0,"parent":0,"menu_order":0,"comment_status":"closed","ping_status":"closed","template":"","meta":{"footnotes":""},"class_list":["post-9095","page","type-page","status-publish","hentry"],"_links":{"self":[{"href":"https:\/\/kotarja.al\/sq\/wp-json\/wp\/v2\/pages\/9095","targetHints":{"allow":["GET"]}}],"collection":[{"href":"https:\/\/kotarja.al\/sq\/wp-json\/wp\/v2\/pages"}],"about":[{"href":"https:\/\/kotarja.al\/sq\/wp-json\/wp\/v2\/types\/page"}],"author":[{"embeddable":true,"href":"https:\/\/kotarja.al\/sq\/wp-json\/wp\/v2\/users\/1"}],"replies":[{"embeddable":true,"href":"https:\/\/kotarja.al\/sq\/wp-json\/wp\/v2\/comments?post=9095"}],"version-history":[{"count":20,"href":"https:\/\/kotarja.al\/sq\/wp-json\/wp\/v2\/pages\/9095\/revisions"}],"predecessor-version":[{"id":34185,"href":"https:\/\/kotarja.al\/sq\/wp-json\/wp\/v2\/pages\/9095\/revisions\/34185"}],"wp:attachment":[{"href":"https:\/\/kotarja.al\/sq\/wp-json\/wp\/v2\/media?parent=9095"}],"curies":[{"name":"wp","href":"https:\/\/api.w.org\/{rel}","templated":true}]}}