{"id":15115,"date":"2020-09-08T04:43:26","date_gmt":"2020-09-08T04:43:26","guid":{"rendered":"https:\/\/wpbingosite.com\/wordpress\/funori\/?page_id=15115"},"modified":"2025-02-26T12:38:09","modified_gmt":"2025-02-26T12:38:09","slug":"contact","status":"publish","type":"page","link":"https:\/\/kotarja.al\/sq\/contact\/","title":{"rendered":"Kontakt"},"content":{"rendered":"<div data-elementor-type=\"wp-page\" data-elementor-id=\"15115\" class=\"elementor elementor-15115\">\n\t\t\t\t\t\t<section class=\"elementor-section elementor-top-section elementor-element elementor-element-a8711a2 elementor-section-full_width elementor-section-height-default elementor-section-height-default wpr-particle-no wpr-jarallax-no wpr-parallax-no wpr-sticky-section-no\" data-id=\"a8711a2\" data-element_type=\"section\">\n\t\t\t\t\t\t<div class=\"elementor-container elementor-column-gap-default\">\n\t\t\t\t\t<div class=\"elementor-column elementor-col-100 elementor-top-column elementor-element elementor-element-19666d9\" data-id=\"19666d9\" data-element_type=\"column\">\n\t\t\t<div class=\"elementor-widget-wrap elementor-element-populated\">\n\t\t\t\t\t\t<div class=\"elementor-element elementor-element-119b2b0 elementor-widget elementor-widget-bwp_google_maps\" data-id=\"119b2b0\" data-element_type=\"widget\" data-widget_type=\"bwp_google_maps.default\">\n\t\t\t\t<div class=\"elementor-widget-container\">\n\t\t\t\t\t<div class=\"elementor-custom-embed\"><iframe src=\"https:\/\/maps.google.com\/maps?q=Rruga%20Gjoric%2C%20Kamez%2C%20Tirane&amp;t=m&amp;z=10&amp;output=embed&amp;iwloc=near\" aria-label=\"Rruga Gjoric, Kamez, Tirane\"><\/iframe><\/div>\t\t\t\t<\/div>\n\t\t\t\t<\/div>\n\t\t\t\t\t<\/div>\n\t\t<\/div>\n\t\t\t\t\t<\/div>\n\t\t<\/section>\n\t\t\t\t<section class=\"elementor-section elementor-top-section elementor-element elementor-element-a82c8ef elementor-section-boxed elementor-section-height-default elementor-section-height-default wpr-particle-no wpr-jarallax-no wpr-parallax-no wpr-sticky-section-no\" data-id=\"a82c8ef\" data-element_type=\"section\">\n\t\t\t\t\t\t<div class=\"elementor-container elementor-column-gap-default\">\n\t\t\t\t\t<div class=\"elementor-column elementor-col-50 elementor-top-column elementor-element elementor-element-b7eb238\" data-id=\"b7eb238\" data-element_type=\"column\">\n\t\t\t<div class=\"elementor-widget-wrap elementor-element-populated\">\n\t\t\t\t\t\t<div class=\"elementor-element elementor-element-f90bad8 elementor-widget elementor-widget-heading\" data-id=\"f90bad8\" data-element_type=\"widget\" data-widget_type=\"heading.default\">\n\t\t\t\t<div class=\"elementor-widget-container\">\n\t\t\t\t\t<h2 class=\"elementor-heading-title elementor-size-default\">Detajet e Kontakteve<\/h2>\t\t\t\t<\/div>\n\t\t\t\t<\/div>\n\t\t\t\t<div class=\"elementor-element elementor-element-9a56245 elementor-widget__width-initial elementor-widget elementor-widget-text-editor\" data-id=\"9a56245\" data-element_type=\"widget\" data-widget_type=\"text-editor.default\">\n\t\t\t\t<div class=\"elementor-widget-container\">\n\t\t\t\t\t\t\t\t\t<p>Keni pyetje n\u00eb lidhje me mobiljet tona ose d\u00ebshironi t\u00eb diskutoni nj\u00eb dizajn me porosi? Ekipi i Kotarja Furniture \u00ebsht\u00eb k\u00ebtu p\u00ebr t\u00eb ndihmuar. Vizitoni showroom-in ton\u00eb n\u00eb Tiran\u00eb, Shqip\u00ebri, ose na kontaktoni duke p\u00ebrdorur formularin e m\u00ebposht\u00ebm.<\/p>\t\t\t\t\t\t\t\t<\/div>\n\t\t\t\t<\/div>\n\t\t\t\t<div class=\"elementor-element elementor-element-cb016c4 elementor-view-framed elementor-shape-square elementor-position-left elementor-vertical-align-middle elementor-mobile-position-top elementor-widget elementor-widget-icon-box\" data-id=\"cb016c4\" data-element_type=\"widget\" data-widget_type=\"icon-box.default\">\n\t\t\t\t<div class=\"elementor-widget-container\">\n\t\t\t\t\t\t\t<div class=\"elementor-icon-box-wrapper\">\n\n\t\t\t\t\t\t<div class=\"elementor-icon-box-icon\">\n\t\t\t\t<span  class=\"elementor-icon elementor-animation-wobble-horizontal\">\n\t\t\t\t<svg xmlns=\"http:\/\/www.w3.org\/2000\/svg\" id=\"Capa_1\" height=\"512\" viewbox=\"0 0 512 512\" width=\"512\"><g><circle cx=\"256\" cy=\"196\" r=\"10\"><\/circle><path d=\"m181 296h150c5.522 0 10-4.477 10-10v-93.972l13.493 11.566c4.21 3.609 10.521 3.09 14.1-1.086 3.594-4.193 3.108-10.506-1.086-14.101l-104.999-89.999c-3.744-3.21-9.271-3.21-13.016 0l-104.999 89.999c-4.194 3.594-4.68 9.907-1.086 14.101 3.593 4.194 9.907 4.679 14.1 1.086l13.493-11.566v93.972c0 5.523 4.478 10 10 10zm10-121.115 65-55.714 65 55.714v101.115h-55v-40c0-5.523-4.478-10-10-10s-10 4.477-10 10v40h-55z\"><\/path><path d=\"m248.814 508.954c1.884 1.947 4.477 3.046 7.186 3.046s5.302-1.099 7.186-3.046c63.824-65.879 182.814-214.083 182.814-312.954 0-34.896-9.487-69.49-27.438-100.042-2.799-4.762-8.926-6.354-13.688-3.557-4.762 2.798-6.354 8.926-3.557 13.688 16.148 27.484 24.683 58.575 24.683 89.911 0 101.169-136.787 255.428-170 291.384-33.213-35.956-170-190.215-170-291.384 0-95.402 77.851-176 170-176 30.377 0 60.33 8.741 86.62 25.279 4.673 2.941 10.849 1.535 13.789-3.14s1.534-10.849-3.141-13.789c-29.483-18.547-63.118-28.35-97.268-28.35-106.552 0-190 92.76-190 196 0 98.768 118.792 246.87 182.814 312.954z\"><\/path><circle cx=\"383\" cy=\"65\" r=\"10\"><\/circle><\/g><\/svg>\t\t\t\t<\/span>\n\t\t\t<\/div>\n\t\t\t\n\t\t\t\t\t\t<div class=\"elementor-icon-box-content\">\n\n\t\t\t\t\t\t\t\t\t<h3 class=\"elementor-icon-box-title\">\n\t\t\t\t\t\t<span  >\n\t\t\t\t\t\t\tAdresa\t\t\t\t\t\t<\/span>\n\t\t\t\t\t<\/h3>\n\t\t\t\t\n\t\t\t\t\t\t\t\t\t<p class=\"elementor-icon-box-description\">\n\t\t\t\t\t\tRruga Gjoric, Kamez, Tirane\t\t\t\t\t<\/p>\n\t\t\t\t\n\t\t\t<\/div>\n\t\t\t\n\t\t<\/div>\n\t\t\t\t\t\t<\/div>\n\t\t\t\t<\/div>\n\t\t\t\t<div class=\"elementor-element elementor-element-1354a03 elementor-view-framed elementor-shape-square elementor-position-left elementor-vertical-align-middle elementor-mobile-position-top elementor-widget elementor-widget-icon-box\" data-id=\"1354a03\" data-element_type=\"widget\" data-widget_type=\"icon-box.default\">\n\t\t\t\t<div class=\"elementor-widget-container\">\n\t\t\t\t\t\t\t<div class=\"elementor-icon-box-wrapper\">\n\n\t\t\t\t\t\t<div class=\"elementor-icon-box-icon\">\n\t\t\t\t<span  class=\"elementor-icon elementor-animation-wobble-horizontal\">\n\t\t\t\t<svg xmlns=\"http:\/\/www.w3.org\/2000\/svg\" xmlns:xlink=\"http:\/\/www.w3.org\/1999\/xlink\" id=\"Capa_1\" x=\"0px\" y=\"0px\" viewbox=\"0 0 511.999 511.999\" style=\"enable-background:new 0 0 511.999 511.999;\" xml:space=\"preserve\"><g>\t<g>\t\t<path d=\"M498.827,377.633l-63.649-63.649c-17.548-17.547-46.102-17.547-63.649,0l-28.931,28.931   c-13.294,13.294-34.926,13.29-48.215,0.005l-125.4-125.507c-13.325-13.325-13.327-34.892,0-48.219   c4.66-4.66,18.041-18.041,28.931-28.931c17.471-17.47,17.715-45.935-0.017-63.665l-63.632-63.432   C116.717-4.381,88.164-4.381,70.663,13.12C57.567,26.102,53.343,30.29,47.471,36.111c-63.28,63.279-63.28,166.242-0.003,229.519   l198.692,198.796c63.428,63.429,166.088,63.434,229.521,0l23.146-23.145C516.375,423.733,516.375,395.181,498.827,377.633z    M91.833,34.382c5.849-5.849,15.365-5.85,21.233,0.016l63.632,63.432c5.863,5.863,5.863,15.352,0,21.216l-10.609,10.608   l-84.81-84.81L91.833,34.382z M267.38,443.213L68.687,244.415c-48.958-48.958-51.649-125.833-8.276-178.006l84.564,84.564   c-22.22,25.189-21.294,63.572,2.787,87.653l125.396,125.501c0.001,0.001,0.003,0.003,0.004,0.004   c24.055,24.056,62.436,25.042,87.656,2.792l84.566,84.566C393.377,494.787,316.675,492.508,267.38,443.213z M477.612,420.065   l-10.609,10.609l-84.865-84.866l10.607-10.608c5.85-5.849,15.367-5.85,21.217,0l63.649,63.649   C483.461,404.699,483.461,414.217,477.612,420.065z\"><\/path>\t<\/g><\/g><g><\/g><g><\/g><g><\/g><g><\/g><g><\/g><g><\/g><g><\/g><g><\/g><g><\/g><g><\/g><g><\/g><g><\/g><g><\/g><g><\/g><g><\/g><\/svg>\t\t\t\t<\/span>\n\t\t\t<\/div>\n\t\t\t\n\t\t\t\t\t\t<div class=\"elementor-icon-box-content\">\n\n\t\t\t\t\t\t\t\t\t<h3 class=\"elementor-icon-box-title\">\n\t\t\t\t\t\t<span  >\n\t\t\t\t\t\t\tTelefon\t\t\t\t\t\t<\/span>\n\t\t\t\t\t<\/h3>\n\t\t\t\t\n\t\t\t\t\t\t\t\t\t<p class=\"elementor-icon-box-description\">\n\t\t\t\t\t\t+355 69 486 2952\t\t\t\t\t<\/p>\n\t\t\t\t\n\t\t\t<\/div>\n\t\t\t\n\t\t<\/div>\n\t\t\t\t\t\t<\/div>\n\t\t\t\t<\/div>\n\t\t\t\t<div class=\"elementor-element elementor-element-3455433 elementor-view-framed elementor-shape-square elementor-position-left elementor-vertical-align-middle elementor-mobile-position-top elementor-widget elementor-widget-icon-box\" data-id=\"3455433\" data-element_type=\"widget\" data-widget_type=\"icon-box.default\">\n\t\t\t\t<div class=\"elementor-widget-container\">\n\t\t\t\t\t\t\t<div class=\"elementor-icon-box-wrapper\">\n\n\t\t\t\t\t\t<div class=\"elementor-icon-box-icon\">\n\t\t\t\t<span  class=\"elementor-icon elementor-animation-wobble-horizontal\">\n\t\t\t\t<svg aria-hidden=\"true\" class=\"e-font-icon-svg e-fas-inbox\" viewbox=\"0 0 576 512\" xmlns=\"http:\/\/www.w3.org\/2000\/svg\"><path d=\"M567.938 243.908L462.25 85.374A48.003 48.003 0 0 0 422.311 64H153.689a48 48 0 0 0-39.938 21.374L8.062 243.908A47.994 47.994 0 0 0 0 270.533V400c0 26.51 21.49 48 48 48h480c26.51 0 48-21.49 48-48V270.533a47.994 47.994 0 0 0-8.062-26.625zM162.252 128h251.497l85.333 128H376l-32 64H232l-32-64H76.918l85.334-128z\"><\/path><\/svg>\t\t\t\t<\/span>\n\t\t\t<\/div>\n\t\t\t\n\t\t\t\t\t\t<div class=\"elementor-icon-box-content\">\n\n\t\t\t\t\t\t\t\t\t<h3 class=\"elementor-icon-box-title\">\n\t\t\t\t\t\t<span  >\n\t\t\t\t\t\t\tEmail\t\t\t\t\t\t<\/span>\n\t\t\t\t\t<\/h3>\n\t\t\t\t\n\t\t\t\t\t\t\t\t\t<p class=\"elementor-icon-box-description\">\n\t\t\t\t\t\tinfo@kotarjafurniture.com\t\t\t\t\t<\/p>\n\t\t\t\t\n\t\t\t<\/div>\n\t\t\t\n\t\t<\/div>\n\t\t\t\t\t\t<\/div>\n\t\t\t\t<\/div>\n\t\t\t\t\t<\/div>\n\t\t<\/div>\n\t\t\t\t<div class=\"elementor-column elementor-col-50 elementor-top-column elementor-element elementor-element-2c1837a\" data-id=\"2c1837a\" data-element_type=\"column\">\n\t\t\t<div class=\"elementor-widget-wrap elementor-element-populated\">\n\t\t\t\t\t\t<section class=\"elementor-section elementor-inner-section elementor-element elementor-element-eb4ccff boxshadow-contact elementor-section-boxed elementor-section-height-default elementor-section-height-default wpr-particle-no wpr-jarallax-no wpr-parallax-no wpr-sticky-section-no\" data-id=\"eb4ccff\" data-element_type=\"section\" data-settings=\"{&quot;background_background&quot;:&quot;classic&quot;}\">\n\t\t\t\t\t\t<div class=\"elementor-container elementor-column-gap-default\">\n\t\t\t\t\t<div class=\"elementor-column elementor-col-100 elementor-inner-column elementor-element elementor-element-ee8a56b\" data-id=\"ee8a56b\" data-element_type=\"column\">\n\t\t\t<div class=\"elementor-widget-wrap elementor-element-populated\">\n\t\t\t\t\t\t<div class=\"elementor-element elementor-element-3d53084 elementor-view-default elementor-widget elementor-widget-icon\" data-id=\"3d53084\" data-element_type=\"widget\" data-widget_type=\"icon.default\">\n\t\t\t\t<div class=\"elementor-widget-container\">\n\t\t\t\t\t\t\t<div class=\"elementor-icon-wrapper\">\n\t\t\t<div class=\"elementor-icon elementor-animation-wobble-horizontal\">\n\t\t\t<svg xmlns=\"http:\/\/www.w3.org\/2000\/svg\" xmlns:xlink=\"http:\/\/www.w3.org\/1999\/xlink\" xmlns:svgjs=\"http:\/\/svgjs.com\/svgjs\" width=\"512\" height=\"512\" x=\"0\" y=\"0\" viewbox=\"0 0 512 512\" style=\"enable-background:new 0 0 512 512\" xml:space=\"preserve\"><g><g xmlns=\"http:\/\/www.w3.org\/2000\/svg\" id=\"XMLID_73_\"><g id=\"XMLID_1053_\"><path id=\"XMLID_1056_\" d=\"m489.071 228.929-43.071-43.071v-130.858c0-5.523-4.477-10-10-10h-130.858l-42.071-42.071c-3.905-3.905-10.237-3.905-14.143 0l-42.071 42.071h-130.857c-5.523 0-10 4.477-10 10v130.857l-43.071 43.071c-1.875 1.876-2.929 4.42-2.929 7.072v266c0 5.523 4.477 10 10 10h181c5.523 0 10-4.477 10-10s-4.477-10-10-10h-156.857l201.857-201.858 201.858 201.858h-156.858c-5.523 0-10 4.477-10 10s4.477 10 10 10h181c5.523 0 10-4.477 10-10v-266c0-2.652-1.054-5.196-2.929-7.071zm-17.071 31.214v217.715l-108.857-108.858zm-4.142-24.143-21.858 21.858v-43.715zm-211.858-211.858 20.858 20.858h-41.716zm-216 236.001 108.857 108.857-108.857 108.858zm26-2.285-21.858-21.858 21.858-21.857zm182.929 11.071-85.929 85.929-77-77v-212.858h340v212.857l-77 77-85.929-85.929c-3.905-3.904-10.237-3.904-14.142.001z\" fill=\"#000000\" data-original=\"#000000\"><\/path><path id=\"XMLID_1085_\" d=\"m256 492c-2.63 0-5.21 1.07-7.07 2.93s-2.93 4.44-2.93 7.07 1.07 5.21 2.93 7.07 4.44 2.93 7.07 2.93 5.21-1.07 7.07-2.93 2.93-4.44 2.93-7.07-1.07-5.21-2.93-7.07-4.44-2.93-7.07-2.93z\" fill=\"#000000\" data-original=\"#000000\"><\/path><path id=\"XMLID_1086_\" d=\"m165.667 121h180.667c5.523 0 10-4.477 10-10s-4.477-10-10-10h-180.667c-5.523 0-10 4.477-10 10s4.477 10 10 10z\" fill=\"#000000\" data-original=\"#000000\"><\/path><path id=\"XMLID_1108_\" d=\"m356.334 167c0-5.523-4.477-10-10-10h-180.667c-5.523 0-10 4.477-10 10s4.477 10 10 10h180.667c5.523 0 10-4.477 10-10z\" fill=\"#000000\" data-original=\"#000000\"><\/path><path id=\"XMLID_1109_\" d=\"m309 213h-106c-5.523 0-10 4.477-10 10s4.477 10 10 10h106c5.523 0 10-4.477 10-10s-4.477-10-10-10z\" fill=\"#000000\" data-original=\"#000000\"><\/path><\/g><\/g><\/g><\/svg>\t\t\t<\/div>\n\t\t<\/div>\n\t\t\t\t\t\t<\/div>\n\t\t\t\t<\/div>\n\t\t\t\t<div class=\"elementor-element elementor-element-ecdc780 elementor-widget elementor-widget-heading\" data-id=\"ecdc780\" data-element_type=\"widget\" data-widget_type=\"heading.default\">\n\t\t\t\t<div class=\"elementor-widget-container\">\n\t\t\t\t\t<h2 class=\"elementor-heading-title elementor-size-default\">Na dergoni nje mesazh<\/h2>\t\t\t\t<\/div>\n\t\t\t\t<\/div>\n\t\t\t\t<div class=\"elementor-element elementor-element-24d7814 elementor-widget elementor-widget-shortcode\" data-id=\"24d7814\" data-element_type=\"widget\" data-widget_type=\"shortcode.default\">\n\t\t\t\t<div class=\"elementor-widget-container\">\n\t\t\t\t\t\t\t<div class=\"elementor-shortcode\">\n<div class=\"wpcf7 no-js\" id=\"wpcf7-f6-o1\" lang=\"en-US\" dir=\"ltr\" data-wpcf7-id=\"6\">\n<div class=\"screen-reader-response\"><p role=\"status\" aria-live=\"polite\" aria-atomic=\"true\"><\/p> <ul><\/ul><\/div>\n<form action=\"\/sq\/wp-json\/wp\/v2\/pages\/15115#wpcf7-f6-o1\" method=\"post\" class=\"wpcf7-form init\" aria-label=\"Contact form\" novalidate=\"novalidate\" data-status=\"init\" data-trp-original-action=\"\/sq\/wp-json\/wp\/v2\/pages\/15115#wpcf7-f6-o1\">\n<div style=\"display: none;\">\n<input type=\"hidden\" name=\"_wpcf7\" value=\"6\" \/>\n<input type=\"hidden\" name=\"_wpcf7_version\" value=\"6.0.6\" \/>\n<input type=\"hidden\" name=\"_wpcf7_locale\" value=\"en_US\" \/>\n<input type=\"hidden\" name=\"_wpcf7_unit_tag\" value=\"wpcf7-f6-o1\" \/>\n<input type=\"hidden\" name=\"_wpcf7_container_post\" value=\"0\" \/>\n<input type=\"hidden\" name=\"_wpcf7_posted_data_hash\" value=\"\" \/>\n<\/div>\n<p><label> Emri<br \/>\n<span class=\"wpcf7-form-control-wrap\" data-name=\"your-name\"><input size=\"40\" maxlength=\"400\" class=\"wpcf7-form-control wpcf7-text wpcf7-validates-as-required\" autocomplete=\"name\" aria-required=\"true\" aria-invalid=\"false\" value=\"\" type=\"text\" name=\"your-name\" \/><\/span> <\/label>\n<\/p>\n<p><label> Email<br \/>\n<span class=\"wpcf7-form-control-wrap\" data-name=\"your-email\"><input size=\"40\" maxlength=\"400\" class=\"wpcf7-form-control wpcf7-email wpcf7-validates-as-required wpcf7-text wpcf7-validates-as-email\" autocomplete=\"email\" aria-required=\"true\" aria-invalid=\"false\" value=\"\" type=\"email\" name=\"your-email\" \/><\/span> <\/label>\n<\/p>\n<p><label> Subjekti<br \/>\n<span class=\"wpcf7-form-control-wrap\" data-name=\"your-subject\"><input size=\"40\" maxlength=\"400\" class=\"wpcf7-form-control wpcf7-text wpcf7-validates-as-required\" aria-required=\"true\" aria-invalid=\"false\" value=\"\" type=\"text\" name=\"your-subject\" \/><\/span> <\/label>\n<\/p>\n<p><label> Mesazhi juaj (opsional)<br \/>\n<span class=\"wpcf7-form-control-wrap\" data-name=\"your-message\"><textarea cols=\"40\" rows=\"10\" maxlength=\"2000\" class=\"wpcf7-form-control wpcf7-textarea\" aria-invalid=\"false\" name=\"your-message\"><\/textarea><\/span> <\/label>\n<\/p>\n<p><input class=\"wpcf7-form-control wpcf7-submit has-spinner\" type=\"submit\" value=\"Dergo\" \/>\n<\/p><div class=\"wpcf7-response-output\" aria-hidden=\"true\"><\/div>\n<input type=\"hidden\" name=\"trp-form-language\" value=\"sq\"\/><\/form>\n<\/div>\n<\/div>\n\t\t\t\t\t\t<\/div>\n\t\t\t\t<\/div>\n\t\t\t\t\t<\/div>\n\t\t<\/div>\n\t\t\t\t\t<\/div>\n\t\t<\/section>\n\t\t\t\t\t<\/div>\n\t\t<\/div>\n\t\t\t\t\t<\/div>\n\t\t<\/section>\n\t\t\t\t<\/div>","protected":false},"excerpt":{"rendered":"<p>Contact Details Have questions about our furniture or want to discuss a custom design? The team at Kotarja Furniture is here to help. Visit our showroom in Tirana, Albania, or contact us using the form below. Adress Rruga Gjoric, Kamez, Tirane Phone +355 69 486 2952 Email info@kotarjafurniture.com Send us an message<\/p>","protected":false},"author":1,"featured_media":0,"parent":0,"menu_order":0,"comment_status":"closed","ping_status":"closed","template":"","meta":{"footnotes":""},"class_list":["post-15115","page","type-page","status-publish","hentry"],"_links":{"self":[{"href":"https:\/\/kotarja.al\/sq\/wp-json\/wp\/v2\/pages\/15115","targetHints":{"allow":["GET"]}}],"collection":[{"href":"https:\/\/kotarja.al\/sq\/wp-json\/wp\/v2\/pages"}],"about":[{"href":"https:\/\/kotarja.al\/sq\/wp-json\/wp\/v2\/types\/page"}],"author":[{"embeddable":true,"href":"https:\/\/kotarja.al\/sq\/wp-json\/wp\/v2\/users\/1"}],"replies":[{"embeddable":true,"href":"https:\/\/kotarja.al\/sq\/wp-json\/wp\/v2\/comments?post=15115"}],"version-history":[{"count":9,"href":"https:\/\/kotarja.al\/sq\/wp-json\/wp\/v2\/pages\/15115\/revisions"}],"predecessor-version":[{"id":34140,"href":"https:\/\/kotarja.al\/sq\/wp-json\/wp\/v2\/pages\/15115\/revisions\/34140"}],"wp:attachment":[{"href":"https:\/\/kotarja.al\/sq\/wp-json\/wp\/v2\/media?parent=15115"}],"curies":[{"name":"wp","href":"https:\/\/api.w.org\/{rel}","templated":true}]}}